{"id":140643,"date":"2020-03-14T19:43:22","date_gmt":"2020-03-14T18:43:22","guid":{"rendered":"https:\/\/www.dorotakaminska.pl\/sklep\/?post_type=product&#038;p=140643"},"modified":"2024-07-29T22:46:32","modified_gmt":"2024-07-29T20:46:32","slug":"superfood-shoty-na-odpornosc","status":"publish","type":"product","link":"https:\/\/www.dorotakaminska.pl\/sklep\/produkt\/superfood-shoty-na-odpornosc\/","title":{"rendered":"Superfood &#8211; shoty na odporno\u015b\u0107 &#8211; ebook online"},"content":{"rendered":"[vc_row][vc_column][vc_column_text]Nazywam si\u0119 Dorota Kami\u0144ska i jestem jedn\u0105 z pierwszych blogerek kulinarnych w Polsce. Od 2010 roku opublikowa\u0142am ponad 1000 film\u00f3w na YouTube, kt\u00f3re uzyska\u0142y ju\u017c ponad 30 mln wy\u015bwietle\u0144. Mo\u017cesz te\u017c pami\u0119ta\u0107 mnie z wyst\u0119p\u00f3w w programach tj. &#8222;Dzie\u0144 Dobry TVN&#8221; czy &#8222;Pytanie na \u015aniadanie\u201d.<\/p>\n<h3>Superfood shoty na odporno\u015b\u0107 &#8211; przepisy na zdrowe mikstury z owoc\u00f3w i warzyw<\/h3>\n<p>Przygotowa\u0142am ten e-book z my\u015bl\u0105 o wszystkich, kt\u00f3rzy chcieliby:<\/p>\n<ul>\n<li>w prosty spos\u00f3b zacz\u0105\u0107 wprowadza\u0107 do swojej diety wi\u0119cej warzyw i owoc\u00f3w<\/li>\n<li>nie po\u015bwi\u0119ca\u0107 na to zbyt du\u017co czasu<\/li>\n<li>szybko popracowa\u0107 nad popraw\u0105 odporno\u015bci swoich organizm\u00f3w.<\/li>\n<\/ul>\n<p>Zdrowe shoty z owoc\u00f3w i warzyw z dodatkiem imbiru i przypraw, miodu oraz oleju z czarnuszki lub lnianego to \u015bwietny spos\u00f3b na wzbogacenie codziennego jad\u0142ospisu. Dobry start od samego rana!<\/p>\n<p>Skomponowa\u0142am shoty na odporno\u015b\u0107 w taki spos\u00f3b, \u017ceby zawiera\u0142y nie tylko owoce i warzywa, ale r\u00f3wnie\u017c zielone listki lub nasiona oraz ro\u015blinne t\u0142uszcze z olej\u00f3w. Wyciska\u0142am wszystko w wyciskarce, ale mo\u017cecie te\u017c wykorzysta\u0107 blender lub zetrze\u0107 sk\u0142adniki na papk\u0119 za pomoc\u0105 r\u0119cznej tarki. Bardzo drobno posiekane, podane w formie sur\u00f3wki, te\u017c si\u0119 sprawdz\u0105!<\/p>\n<p>&nbsp;<\/p>\n[\/vc_column_text][thb_image full_width=&#8221;true&#8221; alignment=&#8221;aligncenter&#8221; lightbox=&#8221;true&#8221; image=&#8221;140688&#8243;][\/thb_image][vc_column_text]\n<p>Omawiam te\u017c korzy\u015bci ze spo\u017cywania fermentowanych przetwor\u00f3w mlecznych: jogurtu naturalnego i kefiru. Opisa\u0142am te\u017c owoce i warzywa, kt\u00f3re pojawiaj\u0105 si\u0119 w sk\u0142adzie shot\u00f3w. Wyja\u015bniam, dlaczego to w\u0142a\u015bnie one s\u0105 tak korzystne.<\/p>\n<h3>Przepisy na shoty na odporno\u015b\u0107 na bazie warzyw i owoc\u00f3w<\/h3>\n<ul>\n<li>7 przepis\u00f3w na shoty na odporno\u015b\u0107 na bazie owoc\u00f3w i warzyw, zdrowe, kolorowe i naturalnie s\u0142odkie za spraw\u0105 miodu<\/li>\n<li>\u0141atwe receptury, doskona\u0142y smak, bogactwo sk\u0142adnik\u00f3w od\u017cywczych<\/li>\n<li>Naturalna poprawa odporno\u015bci organizmu<\/li>\n<li>Mo\u017cliwo\u015b\u0107 przygotowania w wyciskarce, blenderze lub starcia r\u0119cznie na tarce<\/li>\n<li>Wyliczone warto\u015bci od\u017cywcze: kcal, bia\u0142ka, t\u0142uszcze i w\u0119glowodany oraz niekt\u00f3re witaminy i minera\u0142y<\/li>\n<li>Do przyrz\u0105dzenia r\u00f3wnie\u017c w wersji wega\u0144skiej<\/li>\n<li>Przepis na shot na odporno\u015b\u0107 na ka\u017cdy dzie\u0144 tygodnia<\/li>\n<\/ul>\n[\/vc_column_text][thb_image full_width=&#8221;true&#8221; alignment=&#8221;aligncenter&#8221; lightbox=&#8221;true&#8221; image=&#8221;140689&#8243;][\/thb_image][vc_column_text]\n<p>E-book jest przejrzysty i czytelny, a jego ozdob\u0105 s\u0105 pi\u0119kne, apetyczne fotografie shot\u00f3w oraz owoc\u00f3w i warzyw, z kt\u00f3rych zosta\u0142y przygotowane.<\/p>\n<h3><strong>Owoce, warzywa, oleje i mi\u00f3d &#8211; superfood shoty na odporno\u015b\u0107<\/strong><\/h3>\n<p>Ka\u017cdy przepis na shot w e-booku jest poprzedzony wst\u0119pem, w kt\u00f3rym podpowiadam, dlaczego dany sk\u0142adnik superfood jest korzystny na popraw\u0119 odporno\u015bci.<\/p>\n[\/vc_column_text][thb_image full_width=&#8221;true&#8221; alignment=&#8221;aligncenter&#8221; lightbox=&#8221;true&#8221; image=&#8221;139783&#8243;][\/thb_image][vc_column_text]\n<h3>Najkorzystniej &#8211; w zestawie<\/h3>\n<p>Trzy produkty z serii \u201eSuperfood\u201d w promocyjnej cenie. Odbierz ca\u0142y pakiet i kompleksowo zadbaj o sw\u00f3j jad\u0142ospis.<\/p>\n[\/vc_column_text][thb_product product_sort=&#8221;by-id&#8221; columns=&#8221;3&#8243; product_ids=&#8221;135487,139261,140643&#8243;][vc_column_text]\n<h4 style=\"text-align: center;\"><a href=\"https:\/\/www.dorotakaminska.pl\/sklep\/produkt\/zestaw-superfood-taniej\/?add-to-cart= 140365\"><strong>ZAM\u00d3W teraz: <span style=\"text-decoration: underline;\">tylko 59 z\u0142<\/span> (zamiast 89,80 PLN)\u00a0<\/strong><\/a><\/h4>\n<h3><\/h3>\n[\/vc_column_text][vc_column_text]\n<h3>Pobierz online<\/h3>\n<p>E-book w formacie PDF (do odczytania w smartfonie, na tablecie lub komputerze). Do pobrania z linku wys\u0142anego na Twoj\u0105 skrzynk\u0119 e-mail po zaksi\u0119gowaniu p\u0142atno\u015bci. Upewnij si\u0119, \u017ce w momencie sk\u0142adania zam\u00f3wienia podajesz poprawny adres e-mail. Podczas pobierania postaraj si\u0119 korzysta\u0107 ze stabilnego po\u0142\u0105czenia z Internetem. Mo\u017cesz wykona\u0107 3 (s\u0142ownie: trzy) pr\u00f3by pobrania pliku.[\/vc_column_text][thb_image full_width=&#8221;true&#8221; alignment=&#8221;aligncenter&#8221; lightbox=&#8221;true&#8221; image=&#8221;140690&#8243;][\/thb_image][vc_column_text]\n<h3>Spis tre\u015bci<\/h3>\n<p>E-book jest podzielony na kilka cz\u0119\u015bci: rozpoczyna si\u0119 od teorii: czy warto pi\u0107 shoty oraz jak og\u00f3lnie dba\u0107 o odporno\u015b\u0107 organizmu i kt\u00f3re czynniki maj\u0105 na ni\u0105 najwi\u0119kszy wp\u0142yw.<\/p>\n<figure id=\"attachment_140687\" aria-describedby=\"caption-attachment-140687\" style=\"width: 1024px\" class=\"wp-caption aligncenter\"><a href=\"https:\/\/www.dorotakaminska.pl\/sklep\/wp-content\/uploads\/2020\/03\/supefood-shoty-na-odpornosc-spis-tresci-scaled.jpg\" class=\"mfp-image\"><img loading=\"lazy\" decoding=\"async\" class=\"wp-image-140687 size-large lazyload\" src=\"data:image\/gif;base64,R0lGODlhAQABAAAAACH5BAEKAAEALAAAAAABAAEAAAICTAEAOw==\" data-src=\"https:\/\/www.dorotakaminska.pl\/sklep\/wp-content\/uploads\/2020\/03\/supefood-shoty-na-odpornosc-spis-tresci-scaled-1024x711.jpg\" alt=\"Superfood - shoty na odporno\u015b\u0107 - spis tre\u015bci\" width=\"1024\" height=\"711\" data-sizes=\"auto\" data-srcset=\"https:\/\/www.dorotakaminska.pl\/sklep\/wp-content\/uploads\/2020\/03\/supefood-shoty-na-odpornosc-spis-tresci-scaled-1024x711.jpg 1024w, https:\/\/www.dorotakaminska.pl\/sklep\/wp-content\/uploads\/2020\/03\/supefood-shoty-na-odpornosc-spis-tresci-scaled-300x208.jpg 300w, https:\/\/www.dorotakaminska.pl\/sklep\/wp-content\/uploads\/2020\/03\/supefood-shoty-na-odpornosc-spis-tresci-scaled-768x533.jpg 768w, https:\/\/www.dorotakaminska.pl\/sklep\/wp-content\/uploads\/2020\/03\/supefood-shoty-na-odpornosc-spis-tresci-scaled-370x257.jpg 370w, https:\/\/www.dorotakaminska.pl\/sklep\/wp-content\/uploads\/2020\/03\/supefood-shoty-na-odpornosc-spis-tresci-scaled-800x555.jpg 800w, https:\/\/www.dorotakaminska.pl\/sklep\/wp-content\/uploads\/2020\/03\/supefood-shoty-na-odpornosc-spis-tresci-scaled-740x514.jpg 740w, https:\/\/www.dorotakaminska.pl\/sklep\/wp-content\/uploads\/2020\/03\/supefood-shoty-na-odpornosc-spis-tresci-scaled-20x14.jpg 20w, https:\/\/www.dorotakaminska.pl\/sklep\/wp-content\/uploads\/2020\/03\/supefood-shoty-na-odpornosc-spis-tresci-scaled-570x396.jpg 570w\" sizes=\"auto, (max-width: 1024px) 100vw, 1024px\" \/><\/a><figcaption id=\"caption-attachment-140687\" class=\"wp-caption-text\">Superfood &#8211; shoty na odporno\u015b\u0107 &#8211; spis tre\u015bci<\/figcaption><\/figure>\n<h3>Znak wodny<\/h3>\n<p>E-book b\u0119dzie zawiera\u0107 znak wodny, na kt\u00f3rym zostan\u0105 umieszczone nast\u0119puj\u0105ce dane: imi\u0119 i nazwisko oraz adres e-mail.<\/p>\n<p>Je\u015bli kupujesz e-book dla innej osoby w prezencie, podaj swoje dane w polu \u201eDane p\u0142atno\u015bci\u201d. Z kolei w polu \u201eWys\u0142a\u0107 na inny adres?\u201d wpisz dane osoby, do kt\u00f3rej b\u0119dzie przypisany e-book.<\/p>\n","protected":false},"excerpt":{"rendered":"<p>Superfood shoty na odporno\u015b\u0107 to najlepszy i najprostszy pomys\u0142 jak poprawi\u0107 odporno\u015b\u0107 organizmu w naturalny spos\u00f3b i rzadziej chorowa\u0107, a infekcje przechodzi\u0107 \u0142agodniej i szybciej je pokonywa\u0107.<\/p>\n<p>Czemu taka nazwa? Bo\u00a0<strong>\u201eSuperfood. Shoty na odporno\u015b\u0107\u201d<\/strong> to proste mikstury o niedu\u017cej obj\u0119to\u015bci, kt\u00f3re szybko wypijesz, a w \u017co\u0142\u0105dku nadal zostanie sporo miejsca na ulubiony posi\u0142ek. Naturalne, zdrowe shoty na odporno\u015b\u0107.<\/p>\n<p>\u201eSuperfood. Shoty na odporno\u015b\u0107\u201d to e-book, kt\u00f3ry podpowie Ci, jak naturalnie zadba\u0107 o odporno\u015b\u0107. Pyszny shot z warzyw i owoc\u00f3w albo z\u0142ote mleko na pocz\u0105tek dnia i od razu dostajesz witaminy i przeciwutleniacze korzystne dla zdrowia.<\/p>\n<p>Ten ebook jest dla Ciebie, je\u015bli:<\/p>\n<p><img decoding=\"async\" class=\"emoji\" role=\"img\" draggable=\"false\" src=\"https:\/\/s.w.org\/images\/core\/emoji\/13.1.0\/svg\/2714.svg\" alt=\"\u2714\" \/> Chcesz poprawi\u0107 odporno\u015b\u0107 swojego organizmu \u0142atwo i w naturalny spos\u00f3b.<\/p>\n<p><img decoding=\"async\" class=\"emoji\" role=\"img\" draggable=\"false\" src=\"https:\/\/s.w.org\/images\/core\/emoji\/13.1.0\/svg\/2714.svg\" alt=\"\u2714\" \/> Lubisz dba\u0107 o zdrowie i wybiera\u0107 naturalne sk\u0142adniki zamiast suplement\u00f3w.<\/p>\n<p><img decoding=\"async\" class=\"emoji\" role=\"img\" draggable=\"false\" src=\"https:\/\/s.w.org\/images\/core\/emoji\/13.1.0\/svg\/2714.svg\" alt=\"\u2714\" \/> Chcesz, \u017ceby Twoje posi\u0142ki by\u0142y zr\u00f3\u017cnicowane i niskokaloryczne.<\/p>\n<p><img decoding=\"async\" class=\"emoji\" role=\"img\" draggable=\"false\" src=\"https:\/\/s.w.org\/images\/core\/emoji\/13.1.0\/svg\/2714.svg\" alt=\"\u2714\" \/> Nie lubisz chorowa\u0107.<\/p>\n<p>Dzi\u0119ki temu e-bookowi przekonasz si\u0119, \u017ce mikstury poprawiaj\u0105ce odporno\u015b\u0107 s\u0105 \u0142atwe do zrobienia i mog\u0105 by\u0107 smaczne!<\/p>\n","protected":false},"featured_media":140691,"comment_status":"closed","ping_status":"closed","template":"","meta":[],"product_brand":[],"product_cat":[15],"product_tag":[],"class_list":{"0":"post-140643","1":"product","2":"type-product","3":"status-publish","4":"has-post-thumbnail","6":"product_cat-ebooki-kulinarne","7":"product_shipping_class-wysylka-elektroniczna","9":"first","10":"instock","11":"downloadable","12":"sold-individually","13":"taxable","14":"shipping-taxable","15":"purchasable","16":"product-type-simple"},"_links":{"self":[{"href":"https:\/\/www.dorotakaminska.pl\/sklep\/wp-json\/wp\/v2\/product\/140643","targetHints":{"allow":["GET"]}}],"collection":[{"href":"https:\/\/www.dorotakaminska.pl\/sklep\/wp-json\/wp\/v2\/product"}],"about":[{"href":"https:\/\/www.dorotakaminska.pl\/sklep\/wp-json\/wp\/v2\/types\/product"}],"replies":[{"embeddable":true,"href":"https:\/\/www.dorotakaminska.pl\/sklep\/wp-json\/wp\/v2\/comments?post=140643"}],"wp:featuredmedia":[{"embeddable":true,"href":"https:\/\/www.dorotakaminska.pl\/sklep\/wp-json\/wp\/v2\/media\/140691"}],"wp:attachment":[{"href":"https:\/\/www.dorotakaminska.pl\/sklep\/wp-json\/wp\/v2\/media?parent=140643"}],"wp:term":[{"taxonomy":"product_brand","embeddable":true,"href":"https:\/\/www.dorotakaminska.pl\/sklep\/wp-json\/wp\/v2\/product_brand?post=140643"},{"taxonomy":"product_cat","embeddable":true,"href":"https:\/\/www.dorotakaminska.pl\/sklep\/wp-json\/wp\/v2\/product_cat?post=140643"},{"taxonomy":"product_tag","embeddable":true,"href":"https:\/\/www.dorotakaminska.pl\/sklep\/wp-json\/wp\/v2\/product_tag?post=140643"}],"curies":[{"name":"wp","href":"https:\/\/api.w.org\/{rel}","templated":true}]}}