{"id":139897,"date":"2019-11-17T13:33:41","date_gmt":"2019-11-17T12:33:41","guid":{"rendered":"https:\/\/www.dorotakaminska.pl\/sklep\/?post_type=product&#038;p=139897"},"modified":"2023-07-16T17:07:39","modified_gmt":"2023-07-16T15:07:39","slug":"zestaw-superfood-taniej","status":"publish","type":"product","link":"https:\/\/www.dorotakaminska.pl\/sklep\/produkt\/zestaw-superfood-taniej\/","title":{"rendered":"Zestaw Superfood &#8211; ksi\u0105\u017cka i ebooki taniej"},"content":{"rendered":"[vc_row][vc_column][vc_column_text]\n<p style=\"padding-left: 40px;\">Zestaw Superfood &#8211; trzy produkty w pakiecie w lepszej cenie. Ksi\u0105\u017cka zostanie do Ciebie wys\u0142ana zgodnie z metod\u0105 wysy\u0142ki, kt\u00f3r\u0105 wybierzesz. Ebook otrzymasz w formie linku do pobrania na sw\u00f3j adres e-mail.<\/p>\n<p style=\"padding-left: 40px;\">W sk\u0142ad zestawu wchodzi:<\/p>\n<ul>\n<li style=\"list-style-type: none;\">\n<ul>\n<li>wersja drukowana lub elektroniczna ksi\u0105\u017cki \u201e<a href=\"\/sklep\/produkt\/superfood-po-polsku-ksiazka-twarda-oprawa\/\" target=\"_blank\" rel=\"noopener noreferrer\">Superfood po polsku<\/a>\u201d<\/li>\n<li>e-book \u201e<a href=\"\/sklep\/produkt\/superfood-koktajle-z-owocow-i-warzyw\/\" target=\"_blank\" rel=\"noopener noreferrer\">Superfood &#8211; koktajle z owoc\u00f3w i warzyw<\/a>\u201d<\/li>\n<li>e-book \u201e<a href=\"\/produkt\/superfood-shoty-na-odpornosc\/\" target=\"_blank\" rel=\"noopener noreferrer\">Superfood &#8211; shoty na odporno\u015b\u0107<\/a>\u201d<\/li>\n<\/ul>\n<\/li>\n<\/ul>\n[\/vc_column_text][thb_product product_sort=&#8221;by-id&#8221; columns=&#8221;3&#8243; product_ids=&#8221;135487,139261,140643&#8243;][vc_column_text]W zestawie taniej :).[\/vc_column_text][\/vc_column][\/vc_row]\n","protected":false},"excerpt":{"rendered":"<p>\u2714 W zestawie taniej &#8211; lepsza cena i ponad 100 przepis\u00f3w<\/p>\n<p>\u2714 Pakiet na zdrowe od\u017cywianie: drukowana ksi\u0105\u017cka kucharska (lub jej wersja elektroniczna) + ebook z przepisami na koktajle + ebook z przepisami na shoty na odporno\u015b\u0107<\/p>\n<p>\u2714 Od razu wprowadzisz kompleksowe zmiany na plus do swojego jad\u0142ospisu<\/p>\n<p>\u2714 Przez 30 dni mo\u017cesz pi\u0107 codziennie inny koktajl na \u015bniadanie lub deser dla zdrowia<\/p>\n<p>\u2714 Przez ca\u0142y rok b\u0119dziesz cieszy\u0107 si\u0119 smakiem pysznych, zdrowych i \u0142atwych do zrobienia da\u0144<\/p>\n<p>\u2714 Zaczniesz przygotowywa\u0107 zdrowsze posi\u0142ki bez radykalnych i trudnych do wprowadzenia zmian<\/p>\n","protected":false},"featured_media":140692,"comment_status":"open","ping_status":"closed","template":"","meta":[],"product_brand":[],"product_cat":[15,16],"product_tag":[],"class_list":{"0":"post-139897","1":"product","2":"type-product","3":"status-publish","4":"has-post-thumbnail","6":"product_cat-ebooki-kulinarne","7":"product_cat-ksiazki-kucharskie","8":"product_shipping_class-ksiazka","10":"first","11":"instock","12":"sale","13":"featured","14":"taxable","15":"shipping-taxable","16":"purchasable","17":"product-type-variable","18":"has-default-attributes"},"_links":{"self":[{"href":"https:\/\/www.dorotakaminska.pl\/sklep\/wp-json\/wp\/v2\/product\/139897","targetHints":{"allow":["GET"]}}],"collection":[{"href":"https:\/\/www.dorotakaminska.pl\/sklep\/wp-json\/wp\/v2\/product"}],"about":[{"href":"https:\/\/www.dorotakaminska.pl\/sklep\/wp-json\/wp\/v2\/types\/product"}],"replies":[{"embeddable":true,"href":"https:\/\/www.dorotakaminska.pl\/sklep\/wp-json\/wp\/v2\/comments?post=139897"}],"wp:featuredmedia":[{"embeddable":true,"href":"https:\/\/www.dorotakaminska.pl\/sklep\/wp-json\/wp\/v2\/media\/140692"}],"wp:attachment":[{"href":"https:\/\/www.dorotakaminska.pl\/sklep\/wp-json\/wp\/v2\/media?parent=139897"}],"wp:term":[{"taxonomy":"product_brand","embeddable":true,"href":"https:\/\/www.dorotakaminska.pl\/sklep\/wp-json\/wp\/v2\/product_brand?post=139897"},{"taxonomy":"product_cat","embeddable":true,"href":"https:\/\/www.dorotakaminska.pl\/sklep\/wp-json\/wp\/v2\/product_cat?post=139897"},{"taxonomy":"product_tag","embeddable":true,"href":"https:\/\/www.dorotakaminska.pl\/sklep\/wp-json\/wp\/v2\/product_tag?post=139897"}],"curies":[{"name":"wp","href":"https:\/\/api.w.org\/{rel}","templated":true}]}}