{"id":139308,"date":"2018-09-12T10:14:15","date_gmt":"2018-09-12T08:14:15","guid":{"rendered":"https:\/\/www.dorotakaminska.pl\/sklep\/?post_type=product&#038;p=139308"},"modified":"2023-07-16T17:05:57","modified_gmt":"2023-07-16T15:05:57","slug":"dieta-warzywno-owocowa-jadlospis-na-post-przez-6-tygodni","status":"publish","type":"product","link":"https:\/\/www.dorotakaminska.pl\/sklep\/produkt\/dieta-warzywno-owocowa-jadlospis-na-post-przez-6-tygodni\/","title":{"rendered":"Dieta warzywno-owocowa &#8211; jad\u0142ospis na post przez 6 tygodni"},"content":{"rendered":"<p>M\u00f3j jad\u0142ospis na 6 tygodni &#8211; Dieta warzywno-owocowa &#8211; Uzdrawiaj\u0105cy post warzywno-owocowy.<\/p>\n<p>Samodzielnie przygotowa\u0142am wszystkie przepisy diety warzywno-owocowej wraz z list\u0105 zakup\u00f3w i poradami, jak radzi\u0107 sobie z motywacj\u0105 i dyscyplin\u0105, aby prawid\u0142owo przeprowadzi\u0107 post warzywno-owocowy.<\/p>\n<p>E-book w formacie PDF do pobrania z linku wys\u0142anego na Twoj\u0105 skrzynk\u0119 e-mail po op\u0142aceniu zam\u00f3wienia. Upewnij si\u0119, \u017ce w momencie sk\u0142adania zam\u00f3wienia podajesz poprawny adres e-mail, a podczas pobierania korzystasz ze stabilnego po\u0142\u0105czenia z Internetem.<\/p>\n","protected":false},"excerpt":{"rendered":"<p style=\"text-align: justify;\">Wersja elektroniczna czyli e-book na smartfon, tablet lub do czytania w komputerze. Jad\u0142ospis na post warzywno-owocowy do przeprowadzenia przez 6 tygodni czyli 42 dni. Po 5 posi\u0142k\u00f3w dziennie: \u015bniadanie, przek\u0105ska 1, obiad, przek\u0105ska 2 i kolacja, a wszystko w ci\u0105gu dnia nie przekracza 800 kcal.<\/p>\n<p>Format PDF do odczytywania w smartfonie, na tablecie i w komputerze.<\/p>\n","protected":false},"featured_media":139315,"comment_status":"open","ping_status":"closed","template":"","meta":[],"product_brand":[],"product_cat":[15],"product_tag":[18,25,28,27,26],"class_list":{"0":"post-139308","1":"product","2":"type-product","3":"status-publish","4":"has-post-thumbnail","6":"product_cat-ebooki-kulinarne","7":"product_tag-ebook-kulinarny","8":"product_tag-ksiazka-kucharska","9":"product_tag-zdrowa-dieta","10":"product_tag-zdrowe-odzywianie","11":"product_tag-zdrowie","12":"product_shipping_class-wysylka-elektroniczna","14":"first","15":"instock","16":"sale","17":"downloadable","18":"taxable","19":"shipping-taxable","20":"purchasable","21":"product-type-simple"},"_links":{"self":[{"href":"https:\/\/www.dorotakaminska.pl\/sklep\/wp-json\/wp\/v2\/product\/139308","targetHints":{"allow":["GET"]}}],"collection":[{"href":"https:\/\/www.dorotakaminska.pl\/sklep\/wp-json\/wp\/v2\/product"}],"about":[{"href":"https:\/\/www.dorotakaminska.pl\/sklep\/wp-json\/wp\/v2\/types\/product"}],"replies":[{"embeddable":true,"href":"https:\/\/www.dorotakaminska.pl\/sklep\/wp-json\/wp\/v2\/comments?post=139308"}],"wp:featuredmedia":[{"embeddable":true,"href":"https:\/\/www.dorotakaminska.pl\/sklep\/wp-json\/wp\/v2\/media\/139315"}],"wp:attachment":[{"href":"https:\/\/www.dorotakaminska.pl\/sklep\/wp-json\/wp\/v2\/media?parent=139308"}],"wp:term":[{"taxonomy":"product_brand","embeddable":true,"href":"https:\/\/www.dorotakaminska.pl\/sklep\/wp-json\/wp\/v2\/product_brand?post=139308"},{"taxonomy":"product_cat","embeddable":true,"href":"https:\/\/www.dorotakaminska.pl\/sklep\/wp-json\/wp\/v2\/product_cat?post=139308"},{"taxonomy":"product_tag","embeddable":true,"href":"https:\/\/www.dorotakaminska.pl\/sklep\/wp-json\/wp\/v2\/product_tag?post=139308"}],"curies":[{"name":"wp","href":"https:\/\/api.w.org\/{rel}","templated":true}]}}