{"id":135489,"date":"2017-02-24T10:25:44","date_gmt":"2017-02-24T09:25:44","guid":{"rendered":"http:\/\/dorota.in\/?post_type=product&#038;p=135489"},"modified":"2023-11-28T17:26:35","modified_gmt":"2023-11-28T16:26:35","slug":"superfood-po-polsku-ebook-online","status":"publish","type":"product","link":"https:\/\/www.dorotakaminska.pl\/sklep\/produkt\/superfood-po-polsku-ebook-online\/","title":{"rendered":"Superfood po polsku &#8211; ebook &#8211; online"},"content":{"rendered":"<p style=\"padding-left: 40px;\">Superfood po polsku czyli ebook kulinarny z przepisami, kt\u00f3re zawieraj\u0105 jedynie polskie sk\u0142adniki. Ponadto takie, kt\u00f3re z pewno\u015bci\u0105 \u0142atwo kupisz w hipermarketach, delikatesach, dyskontach i osiedlowych sklepach. Poka\u017c\u0119 Ci moje przepisy na <a href=\"https:\/\/www.dorotakaminska.pl\/najlepsze-polskie-superfoods\/\" target=\"_blank\" rel=\"noopener noreferrer\">polski\u00a0<em>superfood<\/em><\/a> i opowiem o jego korzystnych w\u0142a\u015bciwo\u015bciach. Zobaczysz te\u017c, jak smaczne mog\u0105 by\u0107 potrawy, kt\u00f3rych podstaw\u0105 s\u0105 kasze, nasiona, kiszonki, ryby, warzywa, \u015bwie\u017ce zio\u0142a i mi\u00f3d. Z pewno\u015bci\u0105 Ci si\u0119 spodoba!<\/p>\n<h3 style=\"padding-left: 40px;\">Szczeg\u00f3\u0142y<\/h3>\n<p style=\"padding-left: 40px;\">Wersja cyfrowa ksi\u0105\u017cki \u201eSuperfood po polsku\u201d &#8211; e-book na tablet, smartfon oraz do czytania w komputerze.<\/p>\n<p style=\"padding-left: 40px;\">&#8211; format .EPUB, .MOBI i .PDF<\/p>\n<p style=\"padding-left: 40px;\">&#8211; kolorowa wersja na tablet i smartfon<\/p>\n<p style=\"padding-left: 40px;\">&#8211; dost\u0119pny od razu po zaksi\u0119gowaniu p\u0142atno\u015bci za\u00a0zam\u00f3wienie<\/p>\n<p style=\"padding-left: 40px;\">UWAGA: Mi\u0142o\u015bnikom zapachu farby drukarskiej, elegancji i pi\u0119knych fotografii Czytelnicy polecaj\u0105 wersj\u0119 drukowan\u0105 :).<\/p>\n<p style=\"padding-left: 40px;\">Razem ze mn\u0105 przygotujesz pyszne potrawy na ka\u017cd\u0105 okazj\u0119: \u015bniadania, obiady, przek\u0105ski, przetwory i desery. Ebook jest bardzo \u0142adnie wydany i zawiera autorskie receptury oraz fotografie.<\/p>\n<p style=\"padding-left: 40px;\">Dzi\u0119ki tej ksi\u0105\u017cce cyfrowej przekonasz si\u0119, \u017ce zdrowe od\u017cywianie jest proste, a sk\u0142adniki \u0142atwo dost\u0119pne.<\/p>\n<h3 style=\"padding-left: 40px;\">Spis tre\u015bci<\/h3>\n<p style=\"padding-left: 40px;\">Ebook rozpoczyna si\u0119 od kilku receptur na pyszne \u015bniadania: domow\u0105 granol\u0119, chleb gryczany, zup\u0119 mleczn\u0105 i nale\u015bniki na bazie m\u0105ki gryczanej.<\/p>\n<p><img loading=\"lazy\" decoding=\"async\" class=\"size-full lazyload\" src=\"data:image\/gif;base64,R0lGODlhAQABAAAAACH5BAEKAAEALAAAAAABAAEAAAICTAEAOw==\" data-src=\"https:\/\/superfoodpopolsku.pl\/wp-content\/uploads\/2017\/10\/ksiazka-superfood-przepis-chleb-orkiszowy.jpg\" alt=\"Przepis na chleb orkiszowy\" width=\"1836\" height=\"1280\" \/><\/p>\n<p style=\"padding-left: 40px;\">W dalszej cz\u0119\u015bci poka\u017c\u0119 Ci przepisy na obiady superfood: pyszne i po\u017cywne, kremowe (i nie tylko) zupy, a dodatkowo bogate w warzywa drugie dania. Przepisy zar\u00f3wno bezmi\u0119sne, jak i z dodatkiem mi\u0119sa, na przyk\u0142ad kaczki i kurczaka. Mn\u00f3stwo os\u00f3b chwali moje kotlety buraczane i z kalafiora oraz leczo z warzyw!<\/p>\n<p><img loading=\"lazy\" decoding=\"async\" class=\"size-full lazyload\" src=\"data:image\/gif;base64,R0lGODlhAQABAAAAACH5BAEKAAEALAAAAAABAAEAAAICTAEAOw==\" data-src=\"https:\/\/superfoodpopolsku.pl\/wp-content\/uploads\/2017\/10\/ksiazka-superfood-przepis-kurczak-ze-sliwkami.jpg\" alt=\"Przepis na kurczaka pieczonego ze \u015bliwkami\" width=\"1836\" height=\"1280\" \/><\/p>\n<p style=\"padding-left: 40px;\">Przygotowa\u0142am te\u017c kilka smacznych, kolorowych sa\u0142atek oraz polskie przek\u0105ski w dawnym i nowym stylu. Naucz\u0119 Ci\u0119 robienia podstawowych, najpopularniejszych przetwor\u00f3w owocowych bez cukru. Poka\u017c\u0119 przepisy na zdrowe, bogate w witaminy i minera\u0142y kiszonki. A na koniec s\u0142odko\u015bci w nieco przyja\u017aniejszych Twojej sylwetce wydaniach.<\/p>\n<p style=\"padding-left: 40px;\"><img loading=\"lazy\" decoding=\"async\" class=\"aligncenter size-full lazyload\" src=\"data:image\/gif;base64,R0lGODlhAQABAAAAACH5BAEKAAEALAAAAAABAAEAAAICTAEAOw==\" data-src=\"https:\/\/superfoodpopolsku.pl\/wp-content\/uploads\/2017\/10\/ksiazka-superfood-przepis-czekoladowy-mus-gruszkowy.jpg\" alt=\"Przepis na czekoladowy mus gruszkowy\" width=\"1836\" height=\"1280\" \/><\/p>\n<p><a href=\"https:\/\/www.dorotakaminska.pl\/sklep\/wp-content\/uploads\/2017\/02\/ksiazka-superfood-po-polsku-spis-tresci.jpg\" class=\"mfp-image\"><img loading=\"lazy\" decoding=\"async\" class=\"size-full wp-image-138923 aligncenter lazyload\" src=\"data:image\/gif;base64,R0lGODlhAQABAAAAACH5BAEKAAEALAAAAAABAAEAAAICTAEAOw==\" data-src=\"https:\/\/www.dorotakaminska.pl\/sklep\/wp-content\/uploads\/2017\/02\/ksiazka-superfood-po-polsku-spis-tresci.jpg\" alt=\"Superfood po polsku - spis tre\u015bci\" width=\"1836\" height=\"1280\" data-sizes=\"auto\" data-srcset=\"https:\/\/www.dorotakaminska.pl\/sklep\/wp-content\/uploads\/2017\/02\/ksiazka-superfood-po-polsku-spis-tresci.jpg 1836w, https:\/\/www.dorotakaminska.pl\/sklep\/wp-content\/uploads\/2017\/02\/ksiazka-superfood-po-polsku-spis-tresci-300x209.jpg 300w, https:\/\/www.dorotakaminska.pl\/sklep\/wp-content\/uploads\/2017\/02\/ksiazka-superfood-po-polsku-spis-tresci-1024x714.jpg 1024w, https:\/\/www.dorotakaminska.pl\/sklep\/wp-content\/uploads\/2017\/02\/ksiazka-superfood-po-polsku-spis-tresci-768x535.jpg 768w, https:\/\/www.dorotakaminska.pl\/sklep\/wp-content\/uploads\/2017\/02\/ksiazka-superfood-po-polsku-spis-tresci-1536x1071.jpg 1536w, https:\/\/www.dorotakaminska.pl\/sklep\/wp-content\/uploads\/2017\/02\/ksiazka-superfood-po-polsku-spis-tresci-370x258.jpg 370w, https:\/\/www.dorotakaminska.pl\/sklep\/wp-content\/uploads\/2017\/02\/ksiazka-superfood-po-polsku-spis-tresci-800x558.jpg 800w, https:\/\/www.dorotakaminska.pl\/sklep\/wp-content\/uploads\/2017\/02\/ksiazka-superfood-po-polsku-spis-tresci-740x516.jpg 740w, https:\/\/www.dorotakaminska.pl\/sklep\/wp-content\/uploads\/2017\/02\/ksiazka-superfood-po-polsku-spis-tresci-20x14.jpg 20w, https:\/\/www.dorotakaminska.pl\/sklep\/wp-content\/uploads\/2017\/02\/ksiazka-superfood-po-polsku-spis-tresci-1600x1115.jpg 1600w, https:\/\/www.dorotakaminska.pl\/sklep\/wp-content\/uploads\/2017\/02\/ksiazka-superfood-po-polsku-spis-tresci-570x397.jpg 570w\" sizes=\"auto, (max-width: 1836px) 100vw, 1836px\" \/><\/a><\/p>\n<p style=\"padding-left: 40px;\">To wszystko przeplatane teori\u0105 na temat najpopularniejszych polskich\u00a0<em>superfoods<\/em>, jakimi s\u0105 fermentowane przetwory mleczne, kasze, kiszonki, buraki oraz jarmu\u017c i brukselka, nasiona i orzechy, warzywa str\u0105czkowe, oleje oraz mi\u00f3d i natka pietruszki. Doskona\u0142e, zdrowe posi\u0142ki.<\/p>\n<p style=\"padding-left: 40px;\"><img loading=\"lazy\" decoding=\"async\" class=\"aligncenter size-full lazyload\" src=\"data:image\/gif;base64,R0lGODlhAQABAAAAACH5BAEKAAEALAAAAAABAAEAAAICTAEAOw==\" data-src=\"https:\/\/superfoodpopolsku.pl\/wp-content\/uploads\/2017\/10\/ksiazka-superfood-warzywa-straczkowe.jpg\" alt=\"Warzywa str\u0105czkowe\" width=\"1836\" height=\"1280\" \/><\/p>\n<h3 style=\"padding-left: 40px;\">Najlepszy ebook kulinarny o superfoods<\/h3>\n<p style=\"padding-left: 40px;\">\u201eSuperfood po polsku\u201d podpowie Ci jak zacz\u0105\u0107 si\u0119 zdrowo od\u017cywia\u0107. Bez radykalnych zmian, za to smacznie i z zachowaniem zdrowego rozs\u0105dku.<\/p>\n<h3 style=\"padding-left: 40px;\">Elegancki ebook kulinarny<\/h3>\n<p style=\"padding-left: 40px;\">Ponad 80 przepis\u00f3w kulinarnych oraz trzy formaty: .EPUB, .MOBI oraz .PDF w zestawie.<\/p>\n<h3 style=\"padding-left: 40px;\">Pobierz fragment GRATIS<\/h3>\n<p><iframe loading=\"lazy\" src=\"https:\/\/app.mailjet.com\/widget\/iframe\/25Ag\/74Y\" width=\"100%\" height=\"296\" frameborder=\"0\" marginwidth=\"0\" marginheight=\"0\" scrolling=\"yes\" data-mce-fragment=\"1\"><\/iframe><\/p>\n<h3 style=\"padding-left: 40px;\">Dost\u0119pny do pobrania natychmiast po zap\u0142acie<\/h3>\n<p style=\"padding-left: 40px;\">Podoba Ci si\u0119 ebook? Z\u0142\u00f3\u017c zam\u00f3wienie i od razu mo\u017cesz si\u0119gn\u0105\u0107 po przepisy na super\u017cywno\u015b\u0107 :).<\/p>\n","protected":false},"excerpt":{"rendered":"<p>Dzi\u0119ki temu ebookowi z pewno\u015bci\u0105 przekonasz si\u0119, \u017ce zdrowe od\u017cywianie jest proste i smaczne!<br \/>\n\u2714 \u0142atwo dost\u0119pne polskie sk\u0142adniki superfood &#8211; samo zdrowie! od razu zaczniesz si\u0119 lepiej od\u017cywia\u0107 bez odk\u0142adania na potem<br \/>\n\u2714 pomys\u0142y jak wykorzysta\u0107 kasze, nasiona, kiszonki, ryby, warzywa, \u015bwie\u017ce zio\u0142a i mi\u00f3d &#8211; to, czego prawdopodobnie z regu\u0142y brakuje w Twoim codziennym jad\u0142ospisie<br \/>\n\u2714 przepisy z mi\u0119sem oraz bezmi\u0119sne, w tym wiele z nich bez mleka oraz bezglutenowe &#8211; \u017ceby troch\u0119 ograniczy\u0107 to, czego pradopodobnie jesz za du\u017co<br \/>\n\u2714 zdrowe \u015bniadania, smaczne obiady i kolacje, imprezowe przek\u0105ski, kolorowe sa\u0142atki, desery, a tak\u017ce przetwory bez cukru i kiszonki &#8211; dobre jedzenie pe\u0142ne warzyw i owoc\u00f3w na ka\u017cd\u0105 okazj\u0119<\/p>\n","protected":false},"featured_media":138910,"comment_status":"open","ping_status":"closed","template":"","meta":[],"product_brand":[],"product_cat":[15],"product_tag":[18],"class_list":{"0":"post-135489","1":"product","2":"type-product","3":"status-publish","4":"has-post-thumbnail","6":"product_cat-ebooki-kulinarne","7":"product_tag-ebook-kulinarny","8":"product_shipping_class-wysylka-elektroniczna","10":"first","11":"instock","12":"sale","13":"downloadable","14":"taxable","15":"shipping-taxable","16":"purchasable","17":"product-type-simple"},"_links":{"self":[{"href":"https:\/\/www.dorotakaminska.pl\/sklep\/wp-json\/wp\/v2\/product\/135489","targetHints":{"allow":["GET"]}}],"collection":[{"href":"https:\/\/www.dorotakaminska.pl\/sklep\/wp-json\/wp\/v2\/product"}],"about":[{"href":"https:\/\/www.dorotakaminska.pl\/sklep\/wp-json\/wp\/v2\/types\/product"}],"replies":[{"embeddable":true,"href":"https:\/\/www.dorotakaminska.pl\/sklep\/wp-json\/wp\/v2\/comments?post=135489"}],"wp:featuredmedia":[{"embeddable":true,"href":"https:\/\/www.dorotakaminska.pl\/sklep\/wp-json\/wp\/v2\/media\/138910"}],"wp:attachment":[{"href":"https:\/\/www.dorotakaminska.pl\/sklep\/wp-json\/wp\/v2\/media?parent=135489"}],"wp:term":[{"taxonomy":"product_brand","embeddable":true,"href":"https:\/\/www.dorotakaminska.pl\/sklep\/wp-json\/wp\/v2\/product_brand?post=135489"},{"taxonomy":"product_cat","embeddable":true,"href":"https:\/\/www.dorotakaminska.pl\/sklep\/wp-json\/wp\/v2\/product_cat?post=135489"},{"taxonomy":"product_tag","embeddable":true,"href":"https:\/\/www.dorotakaminska.pl\/sklep\/wp-json\/wp\/v2\/product_tag?post=135489"}],"curies":[{"name":"wp","href":"https:\/\/api.w.org\/{rel}","templated":true}]}}