{"id":135487,"date":"2017-02-24T10:23:04","date_gmt":"2017-02-24T09:23:04","guid":{"rendered":"http:\/\/dorota.in\/?post_type=product&#038;p=135487"},"modified":"2024-06-10T11:18:49","modified_gmt":"2024-06-10T09:18:49","slug":"superfood-po-polsku-ksiazka-twarda-oprawa","status":"publish","type":"product","link":"https:\/\/www.dorotakaminska.pl\/sklep\/produkt\/superfood-po-polsku-ksiazka-twarda-oprawa\/","title":{"rendered":"Superfood po polsku &#8211; ksi\u0105\u017cka &#8211; twarda oprawa"},"content":{"rendered":"[vc_row][vc_column][vc_column_text]Nazywam si\u0119 Dorota Kami\u0144ska i jestem jedn\u0105 z pierwszych blogerek kulinarnych w Polsce. Od 2010 roku opublikowa\u0142am ponad 1000 film\u00f3w na YouTube, kt\u00f3re uzyska\u0142y ju\u017c ponad 30 mln wy\u015bwietle\u0144.<\/p>\n<p>Mo\u017cesz te\u017c pami\u0119ta\u0107 mnie z wyst\u0119p\u00f3w w programach tj. &#8222;Dzie\u0144 Dobry TVN&#8221; czy &#8222;Pytanie na \u015aniadanie\u201d. Od kiedy uko\u0144czy\u0142am &#8222;Akademi\u0119 Dietetyki&#8221;, zdrowsze posi\u0142ki stale goszcz\u0105 w mojej kuchni. Postanowi\u0142am podzieli\u0107 si\u0119 swoj\u0105 wiedz\u0105 z Tob\u0105 i napisa\u0142am ksi\u0105\u017ck\u0119.<\/p>\n<h3>Poznaj ksi\u0105\u017ck\u0119 i jedz zdrowiej w prosty spos\u00f3b<\/h3>\n[\/vc_column_text][vc_video link=&#8221;https:\/\/www.youtube.com\/watch?v=qopKWviS7z0&#8243; align=&#8221;center&#8221; title=&#8221;Poznaj ksi\u0105\u017ck\u0119 i jedz zdrowiej w prosty spos\u00f3b&#8221;][vc_column_text]Poka\u017c\u0119 Ci, \u017ce zdrowe od\u017cywianie jest proste i smaczne! W ksi\u0105\u017cce \u201eSuperfood po polsku\u201d znajdziesz moje przepisy na <a href=\"https:\/\/www.dorotakaminska.pl\/najlepsze-polskie-superfoods\/\" target=\"_blank\" rel=\"noopener noreferrer\">polski\u00a0<em>superfood<\/em><\/a> i opowiem Ci o jego wyj\u0105tkowych w\u0142a\u015bciwo\u015bciach.[\/vc_column_text][vc_empty_space height=&#8221;25px&#8221;][vc_column_text]\n<h3>Superfood \u2013\u00a0definicja co to jest<\/h3>\n<p>Czym jest superfood? To \u017cywno\u015b\u0107, kt\u00f3ra jest bogata w sk\u0142adniki od\u017cywcze korzystne dla zdrowia. Witaminy, przeciwutleniacze (kt\u00f3re pomagaj\u0105 w walce z wolnymi rodnikami), minera\u0142y, nienasycone kwasy t\u0142uszczowe\u2026[\/vc_column_text][thb_image full_width=&#8221;true&#8221; alignment=&#8221;aligncenter&#8221; lightbox=&#8221;true&#8221; image=&#8221;141103&#8243;][\/thb_image][vc_empty_space height=&#8221;25px&#8221;][vc_column_text]Nie musisz zna\u0107 zaawansowanej terminologii. W ksi\u0105\u017cce opowiadam, kt\u00f3re polskie warzywa, owoce, przetwory mleczne, oleje i inne sk\u0142adniki warto spo\u017cywa\u0107 na co dzie\u0144 i co z nich przygotowa\u0107. Wyja\u015bniam, dlaczego w\u0142a\u015bnie te i jak cz\u0119sto warto po nie si\u0119ga\u0107.<\/p>\n<p>Znaj\u0105c polski superfood i przygotowuj\u0105c z nim posi\u0142ki, w \u0142atwy spos\u00f3b jesz zdrowiej. Dzi\u0119ki temu lepiej si\u0119 czujesz i wygl\u0105dasz.[\/vc_column_text][thb_image full_width=&#8221;true&#8221; alignment=&#8221;aligncenter&#8221; lightbox=&#8221;true&#8221; image=&#8221;141105&#8243;][\/thb_image][vc_empty_space height=&#8221;25px&#8221;][vc_column_text]\n<h3>Przepisy superfood &#8211; ponad 70 sprawdzonych receptur<\/h3>\n<p>Masz racj\u0119, zdrowe od\u017cywianie wi\u0105\u017ce si\u0119 z wygospodarowaniem czasu, zmian\u0105 przyzwyczaje\u0144\u00a0 i systematyczno\u015bci\u0105. W niekt\u00f3rych sytuacjach mo\u017ce tak\u017ce wymaga\u0107 specjalistycznej wiedzy, umiej\u0119tno\u015bci wyliczania tzw. \u201emakro\u201d (czyli proporcji bia\u0142ka, t\u0142uszczu i w\u0119glowodan\u00f3w), czy nawet konsultacji u dietetyka.<\/p>\n<p>Mam jednak dla Ciebie dobr\u0105 wiadomo\u015b\u0107!\u00a0 NIZP (Narodowy Instytut Zdrowia Publicznego) zaleca, jako podstawowy krok do zdrowego od\u017cywiania, stosowanie zasady o nazwie <em>talerz zdrowego \u017cywienia<\/em>:<\/p>\n<ul>\n<li>\u00bd talerza powinny wype\u0142nia\u0107 niskoskrobiowe warzywa<\/li>\n<li>\u00bc talerza powinny wype\u0142nia\u0107 produkty bia\u0142kowe: mi\u0119so lub ryby, warzywa str\u0105czkowe, orzechy, nasiona, jajka, nabia\u0142 (najlepiej niskot\u0142uszczowy)<\/li>\n<li>\u00bc talerza powinny wype\u0142nia\u0107 pe\u0142noziarniste makarony, pieczywo, kasze czy np. ziemniaki i inne warzywa wysokoskrobiowe<\/li>\n<\/ul>\n[\/vc_column_text][thb_image alignment=&#8221;aligncenter&#8221; lightbox=&#8221;true&#8221; image=&#8221;141169&#8243;][\/thb_image][vc_column_text]Brzmi o wiele pro\u015bciej? Oczywi\u015bcie! Tylko tyle i a\u017c tyle wystarczy na dobry start i zrobienie wa\u017cnej zmiany. A to ju\u017c po\u0142owa sukcesu!<\/p>\n<p>\u201eSuperfood po polsku\u201d pomo\u017ce Ci wprowadzi\u0107 t\u0119 wa\u017cn\u0105 i ma\u0142o skomplikowan\u0105 zmian\u0119.<\/p>\n<p>To mit, \u017ce zdrowe od\u017cywianie wymaga rewolucyjnych zmian. Mo\u017cesz zacz\u0105\u0107 stopniowo.\u00a0 Wprowadzisz warzywa do codziennych posi\u0142k\u00f3w, a ziemniaki od czasu do czasu zast\u0105pisz kasz\u0105 lub puree z selera, kalafiora, marchewki czy dyni.[\/vc_column_text][thb_image alignment=&#8221;aligncenter&#8221; lightbox=&#8221;true&#8221; image=&#8221;141104&#8243;][\/thb_image][vc_empty_space height=&#8221;25px&#8221;][vc_column_text]Przekonasz si\u0119, jak smaczne mog\u0105 by\u0107 potrawy, kt\u00f3rych podstawowe sk\u0142adniki to warzywa, kasze, nasiona, kiszonki, ryby, \u015bwie\u017ce zio\u0142a i owoce oraz mi\u00f3d. Z pewno\u015bci\u0105 Ci si\u0119 spodoba![\/vc_column_text][vc_column_text]\n<h3>Lepsza jako\u015b\u0107 Twoich posi\u0142k\u00f3w od zaraz<\/h3>\n<p>Razem ze mn\u0105 przygotujesz pyszne potrawy na ka\u017cd\u0105 okazj\u0119: \u015bniadania, obiady, przek\u0105ski, przetwory i desery.<\/p>\n<p style=\"padding-left: 40px;\"><img decoding=\"async\" class=\"emoji lazyload\" role=\"img\" draggable=\"false\" src=\"data:image\/gif;base64,R0lGODlhAQABAAAAACH5BAEKAAEALAAAAAABAAEAAAICTAEAOw==\" data-src=\"https:\/\/s.w.org\/images\/core\/emoji\/13.0.1\/svg\/2714.svg\" alt=\"\u2714\" \/>\u00a0\u0142atwo dost\u0119pne polskie sk\u0142adniki superfood \u2013 samo zdrowie! od razu zaczniesz si\u0119 lepiej od\u017cywia\u0107 bez odk\u0142adania na potem<\/p>\n<p style=\"padding-left: 40px;\"><img decoding=\"async\" class=\"emoji lazyload\" role=\"img\" draggable=\"false\" src=\"data:image\/gif;base64,R0lGODlhAQABAAAAACH5BAEKAAEALAAAAAABAAEAAAICTAEAOw==\" data-src=\"https:\/\/s.w.org\/images\/core\/emoji\/13.0.1\/svg\/2714.svg\" alt=\"\u2714\" \/> pomys\u0142y jak wykorzysta\u0107 kasze, nasiona, kiszonki, ryby, warzywa, \u015bwie\u017ce zio\u0142a i mi\u00f3d \u2013 to, czego, by\u0107 mo\u017ce, z regu\u0142y brakuje w Twoim codziennym jad\u0142ospisie<\/p>\n<p style=\"padding-left: 40px;\"><img decoding=\"async\" class=\"emoji lazyload\" role=\"img\" draggable=\"false\" src=\"data:image\/gif;base64,R0lGODlhAQABAAAAACH5BAEKAAEALAAAAAABAAEAAAICTAEAOw==\" data-src=\"https:\/\/s.w.org\/images\/core\/emoji\/13.0.1\/svg\/2714.svg\" alt=\"\u2714\" \/> przepisy z mi\u0119sem oraz bezmi\u0119sne, w tym wiele z nich bez mleka oraz bezglutenowe \u2013 \u017ceby troch\u0119 ograniczy\u0107 to, czego prawdopodobnie jest w Twoim jad\u0142ospisie za du\u017co<\/p>\n<p style=\"padding-left: 40px;\"><img decoding=\"async\" class=\"emoji lazyload\" role=\"img\" draggable=\"false\" src=\"data:image\/gif;base64,R0lGODlhAQABAAAAACH5BAEKAAEALAAAAAABAAEAAAICTAEAOw==\" data-src=\"https:\/\/s.w.org\/images\/core\/emoji\/13.0.1\/svg\/2714.svg\" alt=\"\u2714\" \/>\u00a0zdrowe \u015bniadania, smaczne obiady i kolacje, imprezowe przek\u0105ski, kolorowe sa\u0142atki, desery, a tak\u017ce przetwory bez cukru i kiszonki \u2013 dobre jedzenie pe\u0142ne warzyw i owoc\u00f3w na ka\u017cd\u0105 okazj\u0119<\/p>\n<p>Dzi\u0119ki tej ksi\u0105\u017cce przekonasz si\u0119, \u017ce zdrowe od\u017cywianie mo\u017ce by\u0107 proste, a sk\u0142adniki \u0142atwo dost\u0119pne.<\/p>\n<blockquote><p>Badania wykazuj\u0105, \u017ce du\u017ce spo\u017cycie warzyw i owoc\u00f3w znacz\u0105co zmniejsza ryzyko zachorowania na nowotwory z\u0142o\u015bliwe i choroby sercowo-naczyniowe (nadci\u015bnienie t\u0119tnicze, udary m\u00f3zgu, zawa\u0142y serca), a tak\u017ce wiele innych przewlek\u0142ych chor\u00f3b m.in. cukrzyc\u0119 i oty\u0142o\u015b\u0107. Warzywa w diecie pomagaj\u0105 te\u017c w walce ze zbyt wysokim poziomem cholesterolu.<\/p><\/blockquote>\n<h4 style=\"text-align: center;\"><\/h4>\n[\/vc_column_text][thb_button full_width=&#8221;true&#8221; size=&#8221;x-large&#8221; link=&#8221;url:https%3A%2F%2Fwww.dorotakaminska.pl%2Fsklep%2Fprodukt%2Fsuperfood-po-polsku-ksiazka-twarda-oprawa%2F%3Fadd-to-cart%3D135487|title:Zam%C3%B3w%20teraz||&#8221; icon=&#8221;fa fa-cart-plus&#8221;][vc_column_text]\n<p style=\"text-align: center;\">i popraw jako\u015b\u0107 swoich posi\u0142k\u00f3w<\/p>\n[\/vc_column_text][vc_empty_space height=&#8221;25px&#8221;][vc_column_text]\n<h3>Jedz kolorowe, r\u00f3\u017cnorodne, smaczne \u015bniadania<\/h3>\n<p>Zadbaj o najwa\u017cniejszy posi\u0142ek na dobry start dnia!<\/p>\n<p>Ksi\u0105\u017cka rozpoczyna si\u0119 od kilku receptur na pyszne \u015bniadania, w\u015br\u00f3d nich np.<\/p>\n<ul>\n<li>domowa granola<\/li>\n<li>chleb gryczany<\/li>\n<li>zupa mleczna<\/li>\n<li>nale\u015bniki na bazie m\u0105ki gryczanej<\/li>\n<\/ul>\n<p>Poka\u017c\u0119 Ci, \u017ce \u015bniadania mog\u0105 by\u0107 smaczne, kolorowe i r\u00f3\u017cnorodne.[\/vc_column_text][vc_gallery thb_margins=&#8221;pixel-padding&#8221; lightbox=&#8221;mfp-gallery&#8221; images=&#8221;140998,140999&#8243; img_size=&#8221;large&#8221;][vc_column_text]Nauczysz si\u0119 r\u00f3wnie\u017c, jak samodzielnie upiec pyszny, po\u017cywny chleb.[\/vc_column_text][thb_image full_width=&#8221;true&#8221; alignment=&#8221;aligncenter&#8221; lightbox=&#8221;true&#8221; image=&#8221;141143&#8243;][\/thb_image][vc_empty_space height=&#8221;25px&#8221;][vc_column_text]\n<h3>Polubisz po\u017cywne obiady pe\u0142ne warzyw<\/h3>\n<p>W dalszej cz\u0119\u015bci poka\u017c\u0119 Ci przepisy na obiady superfood:<\/p>\n<ul>\n<li>pyszne i po\u017cywne, kremowe (i nie tylko) zupy<\/li>\n<li>bogate w warzywa drugie dania<\/li>\n<li>bezmi\u0119sne, jak i z dodatkiem mi\u0119sa, na przyk\u0142ad kaczki i kurczaka, czy ryb.<\/li>\n<\/ul>\n<p>Mn\u00f3stwo os\u00f3b chwali moje kotlety buraczane i z kalafiora oraz leczo z warzyw!<\/p>\n[\/vc_column_text][vc_empty_space height=&#8221;25px&#8221;][vc_gallery thb_margins=&#8221;pixel-padding&#8221; lightbox=&#8221;mfp-gallery&#8221; images=&#8221;141002,141003&#8243; img_size=&#8221;large&#8221;][vc_empty_space height=&#8221;25px&#8221;][vc_gallery thb_margins=&#8221;pixel-padding&#8221; lightbox=&#8221;mfp-gallery&#8221; images=&#8221;140995,140996&#8243; img_size=&#8221;large&#8221;][vc_column_text]\n<p style=\"text-align: left;\">Przygotowa\u0142am te\u017c kilka smacznych, kolorowych sa\u0142atek oraz polskie przek\u0105ski w dawnym i nowym stylu.<\/p>\n[\/vc_column_text][vc_gallery thb_margins=&#8221;pixel-padding&#8221; lightbox=&#8221;mfp-gallery&#8221; images=&#8221;141000,141001&#8243; img_size=&#8221;large&#8221;][vc_empty_space height=&#8221;25px&#8221;][vc_gallery thb_margins=&#8221;pixel-padding&#8221; lightbox=&#8221;mfp-gallery&#8221; images=&#8221;141014,141015&#8243; img_size=&#8221;large&#8221;][vc_column_text]\n<p style=\"text-align: left;\">Naucz\u0119 Ci\u0119 robienia podstawowych, najpopularniejszych przetwor\u00f3w owocowych bez cukru.<\/p>\n[\/vc_column_text][vc_gallery thb_margins=&#8221;pixel-padding&#8221; lightbox=&#8221;mfp-gallery&#8221; images=&#8221;141010,141011&#8243; img_size=&#8221;large&#8221;][vc_column_text]\n<p style=\"text-align: left;\">Poka\u017c\u0119 przepisy na zdrowe, bogate w witaminy i minera\u0142y kiszonki.<\/p>\n[\/vc_column_text][vc_gallery thb_margins=&#8221;pixel-padding&#8221; lightbox=&#8221;mfp-gallery&#8221; images=&#8221;141012,141013&#8243; img_size=&#8221;large&#8221;][vc_column_text]\n<p style=\"text-align: left;\">A na koniec s\u0142odko\u015bci w nieco przyja\u017aniejszych Twojej sylwetce wydaniach.<\/p>\n[\/vc_column_text][thb_image full_width=&#8221;true&#8221; alignment=&#8221;aligncenter&#8221; lightbox=&#8221;true&#8221; image=&#8221;141145&#8243;][\/thb_image][vc_empty_space height=&#8221;25px&#8221;][vc_gallery thb_margins=&#8221;pixel-padding&#8221; lightbox=&#8221;mfp-gallery&#8221; images=&#8221;141016,141017&#8243; img_size=&#8221;large&#8221;][vc_column_text]To wszystko przeplatane teori\u0105 na temat najpopularniejszych polskich\u00a0<em>superfoods<\/em>, jakimi s\u0105 fermentowane przetwory mleczne, kasze, kiszonki, buraki oraz jarmu\u017c i brukselka, nasiona i orzechy, warzywa str\u0105czkowe, oleje oraz mi\u00f3d i natka pietruszki.<\/p>\n<p>Doskona\u0142e, zdrowe posi\u0142ki.<\/p>\n<h3>Najlepsza ksi\u0105\u017cka kucharska o superfoods<\/h3>\n<p>\u201eSuperfood po polsku\u201d podpowie Ci jak zacz\u0105\u0107 si\u0119 zdrowo od\u017cywia\u0107.<\/p>\n<p>Bez radykalnych zmian, za to smacznie i z zachowaniem zdrowego rozs\u0105dku.[\/vc_column_text][thb_button full_width=&#8221;true&#8221; size=&#8221;x-large&#8221; link=&#8221;url:https%3A%2F%2Fwww.dorotakaminska.pl%2Fsklep%2Fprodukt%2Fsuperfood-po-polsku-ksiazka-twarda-oprawa%2F%3Fadd-to-cart%3D135487|title:Zam%C3%B3w%20teraz||&#8221; icon=&#8221;fa fa-cart-plus&#8221;][vc_column_text]\n<p style=\"text-align: center;\">i zacznij gotowa\u0107 ju\u017c pojutrze<\/p>\n[\/vc_column_text][vc_column_text]\n<h3>Ponad 3000 sprzedanych egzemplarzy<\/h3>\n[\/vc_column_text][thb_image full_width=&#8221;true&#8221; alignment=&#8221;aligncenter&#8221; lightbox=&#8221;true&#8221; image=&#8221;141131&#8243;][\/thb_image][vc_column_text]\n<h3>Najkorzystniej w zestawie<\/h3>\n<p>Trzy produkty z serii \u201eSuperfood\u201d w promocyjnej cenie. Odbierz ca\u0142y pakiet i kompleksowo zadbaj o sw\u00f3j jad\u0142ospis.[\/vc_column_text][thb_product product_sort=&#8221;by-id&#8221; product_ids=&#8221;139897&#8243;][thb_button full_width=&#8221;true&#8221; size=&#8221;x-large&#8221; link=&#8221;url:https%3A%2F%2Fwww.dorotakaminska.pl%2Fsklep%2Fprodukt%2Fzestaw-superfood-taniej%2F%3Fadd-to-cart%3D139897|title:ZAM%C3%93W%20teraz%3A%20tylko%2059%20z%C5%82||&#8221; icon=&#8221;fa fa-cart-plus&#8221;][vc_column_text]\n<p style=\"text-align: center;\">zamiast 89,80 PLN<\/p>\n[\/vc_column_text][vc_column_text]\n<h3>Elegancka ksi\u0105\u017cka kucharska<\/h3>\n<p>Ksi\u0105\u017cka jest bardzo \u0142adnie wydana i zawiera autorskie receptury oraz fotografie zamkni\u0119te w twardej, pokrytej matow\u0105 foli\u0105 oprawie. Ponadto wszystko wydrukowane w kolorze, na wysokiej jako\u015bci papierze. Kartki s\u0105 p\u00f3\u0142matowe, delikatnie po\u0142yskuj\u0105 pod \u015bwiat\u0142o.<\/p>\n<ul>\n<li>ksi\u0105\u017cka z przepisami i zdj\u0119ciami<\/li>\n<li>format 165\u00d7230 mm<\/li>\n<li>twarda oprawa, matowa folia i kolorowy druk<\/li>\n<li>192 strony<\/li>\n<li>wysokiej jako\u015bci, delikatnie po\u0142yskuj\u0105cy papier 150 g\/m2<\/li>\n<\/ul>\n[\/vc_column_text][vc_column_text]\n<h3>Dostawa kurierem Fedex w 48 godzin, paczkomat lub punkt odbioru<\/h3>\n<p>Podoba Ci si\u0119 ksi\u0105\u017cka? Z\u0142\u00f3\u017c zam\u00f3wienie i zdrowe od\u017cywianie w smaczny spos\u00f3b mo\u017cesz zacz\u0105\u0107 za 2 dni :). Do wyboru masz kilka opcji dostawy: do ulubionego punktu odbioru, paczkomatu lub prosto pod Twoje drzwi.[\/vc_column_text][thb_image full_width=&#8221;true&#8221; alignment=&#8221;aligncenter&#8221; lightbox=&#8221;true&#8221; image=&#8221;138923&#8243;][\/thb_image][\/vc_column][\/vc_row]\n","protected":false},"excerpt":{"rendered":"<p><strong>\u201eSuperfood po polsku\u201d<\/strong> to ksi\u0105\u017cka kucharska, dzi\u0119ki kt\u00f3rej w prosty spos\u00f3b rozpoczniesz zdrowe od\u017cywianie bez restrykcji czy komplikacji i utraty dobrego smaku potraw.<\/p>\n<p>Czemu taka nazwa? Bo <strong>\u201eSuperfood po polsku\u201d<\/strong> to sprawdzone przepisy, kt\u00f3re zawieraj\u0105 polskie sk\u0142adniki korzystne dla zdrowia. \u0141atwo dost\u0119pne w marketach, dyskontach czy na targu.<\/p>\n<p>Ta ksi\u0105\u017cka jest dla Ciebie, je\u015bli:<\/p>\n<p><img decoding=\"async\" class=\"emoji\" role=\"img\" draggable=\"false\" src=\"https:\/\/s.w.org\/images\/core\/emoji\/13.1.0\/svg\/2714.svg\" alt=\"\u2714\" \/> Chcesz szybko i prosto wzbogaci\u0107 sw\u00f3j jad\u0142ospis w wi\u0119cej warzyw i owoc\u00f3w, polskich kasz, orzech\u00f3w i nasion.<\/p>\n<p><img decoding=\"async\" class=\"emoji\" role=\"img\" draggable=\"false\" src=\"https:\/\/s.w.org\/images\/core\/emoji\/13.1.0\/svg\/2714.svg\" alt=\"\u2714\" \/> Lubisz polskie potrawy i potrzebujesz znale\u017a\u0107 przepisy ze sk\u0142adnik\u00f3w, kt\u00f3re z pewno\u015bci\u0105 \u0142atwo kupisz w hipermarketach, delikatesach, dyskontach i osiedlowych sklepach na terenie Polski.<\/p>\n<p><img decoding=\"async\" class=\"emoji\" role=\"img\" draggable=\"false\" src=\"https:\/\/s.w.org\/images\/core\/emoji\/13.1.0\/svg\/2714.svg\" alt=\"\u2714\" \/> Potrzebujesz zmieni\u0107 sw\u00f3j aktualny jad\u0142ospis, ale nie chcesz stosowa\u0107 zagranicznych diet, chwilowo modnych sposob\u00f3w od\u017cywiania i sk\u0142adnik\u00f3w z drugiego ko\u0144ca kuli ziemskiej.<\/p>\n<p>Dzi\u0119ki tej ksi\u0105\u017cce z pewno\u015bci\u0105 przekonasz si\u0119, \u017ce zdrowe od\u017cywianie jest proste, smaczne i przyjemne!<\/p>\n","protected":false},"featured_media":138906,"comment_status":"open","ping_status":"closed","template":"","meta":[],"product_brand":[],"product_cat":[16],"product_tag":[19],"class_list":{"0":"post-135487","1":"product","2":"type-product","3":"status-publish","4":"has-post-thumbnail","6":"product_cat-ksiazki-kucharskie","7":"product_tag-ksiazka","8":"product_shipping_class-ksiazka","10":"first","11":"instock","12":"taxable","13":"shipping-taxable","14":"purchasable","15":"product-type-simple"},"_links":{"self":[{"href":"https:\/\/www.dorotakaminska.pl\/sklep\/wp-json\/wp\/v2\/product\/135487","targetHints":{"allow":["GET"]}}],"collection":[{"href":"https:\/\/www.dorotakaminska.pl\/sklep\/wp-json\/wp\/v2\/product"}],"about":[{"href":"https:\/\/www.dorotakaminska.pl\/sklep\/wp-json\/wp\/v2\/types\/product"}],"replies":[{"embeddable":true,"href":"https:\/\/www.dorotakaminska.pl\/sklep\/wp-json\/wp\/v2\/comments?post=135487"}],"wp:featuredmedia":[{"embeddable":true,"href":"https:\/\/www.dorotakaminska.pl\/sklep\/wp-json\/wp\/v2\/media\/138906"}],"wp:attachment":[{"href":"https:\/\/www.dorotakaminska.pl\/sklep\/wp-json\/wp\/v2\/media?parent=135487"}],"wp:term":[{"taxonomy":"product_brand","embeddable":true,"href":"https:\/\/www.dorotakaminska.pl\/sklep\/wp-json\/wp\/v2\/product_brand?post=135487"},{"taxonomy":"product_cat","embeddable":true,"href":"https:\/\/www.dorotakaminska.pl\/sklep\/wp-json\/wp\/v2\/product_cat?post=135487"},{"taxonomy":"product_tag","embeddable":true,"href":"https:\/\/www.dorotakaminska.pl\/sklep\/wp-json\/wp\/v2\/product_tag?post=135487"}],"curies":[{"name":"wp","href":"https:\/\/api.w.org\/{rel}","templated":true}]}}