{"id":139235,"date":"2018-05-20T01:26:18","date_gmt":"2018-05-19T23:26:18","guid":{"rendered":"https:\/\/www.dorotakaminska.pl\/sklep\/?page_id=139235"},"modified":"2019-11-14T19:55:22","modified_gmt":"2019-11-14T18:55:22","slug":"formularz-zwrotu","status":"publish","type":"page","link":"https:\/\/www.dorotakaminska.pl\/sklep\/formularz-zwrotu\/","title":{"rendered":"Formularz zwrotu"},"content":{"rendered":"[vc_row][vc_column][thb_gap height=&#8221;35&#8243;][vc_column_text]\n<ol>\n<li>Konsumentowi, przys\u0142uguje na podstawie art. 27\u00a0Prawa konsumenckiegoprawo do odst\u0105pienia od umowy zawartej na odleg\u0142o\u015b\u0107, bez podania przyczyny i bez ponoszenia koszt\u00f3w, z wyj\u0105tkiem koszt\u00f3w okre\u015blonych w art. 33, art. 34\u00a0Prawa konsumenckiego.<\/li>\n<li>Termin odst\u0105pienia od umowy zawartej na odleg\u0142o\u015b\u0107 wynosi 14 dni od\u00a0momentu wydania rzeczy, a do zachowania terminu wystarczy wys\u0142anie o\u015bwiadczenia przed jego up\u0142ywem.<\/li>\n<li>O\u015bwiadczenie o odst\u0105pieniu od umowy\u00a0Konsument\u00a0mo\u017ce z\u0142o\u017cy\u0107 na formularzu, kt\u00f3rego wz\u00f3r stanowi za\u0142\u0105cznik nr 2 do\u00a0Prawa konsumenckiego, na formularzu dost\u0119pnym pod adresem\u00a0<a href=\"http:\/\/www.dorotakaminska.pl\/sklep\/formularz-zwrotu\/\" target=\"_blank\" rel=\"noopener noreferrer\">www.dorotakaminska.pl\/sklep\/formularz-zwrotu\/<\/a>\u00a0lub w innej formie zgodnej z\u00a0Prawem konsumenckim.<\/li>\n<\/ol>\n<p>&nbsp;<\/p>\n<h5><strong>Formularz zwrotu <a href=\"https:\/\/www.dorotakaminska.pl\/sklep\/wp-content\/uploads\/2019\/11\/formularz-zwrotu.pdf\" target=\"_blank\" rel=\"noopener noreferrer\">do pobrania tutaj<\/a><\/strong>.<\/h5>\n<p>&nbsp;<\/p>\n<p>Szczeg\u00f3\u0142owe zasady zwrot\u00f3w i gwarancji oraz r\u0119kojmi okre\u015bla <a href=\"\/sklep\/regulamin\/\" target=\"_blank\" rel=\"noopener noreferrer\">Regulamin<\/a>.[\/vc_column_text][thb_gap height=&#8221;35&#8243;][\/vc_column][\/vc_row]\n","protected":false},"excerpt":{"rendered":"<p>[vc_row][vc_column][thb_gap height=&#8221;35&#8243;][vc_column_text] Konsumentowi, przys\u0142uguje na podstawie art. 27\u00a0Prawa konsumenckiegoprawo do odst\u0105pienia od umowy zawartej na odleg\u0142o\u015b\u0107, bez podania przyczyny i bez ponoszenia koszt\u00f3w, z wyj\u0105tkiem koszt\u00f3w okre\u015blonych w art. 33, art. 34\u00a0Prawa konsumenckiego. Termin odst\u0105pienia od umowy zawartej na odleg\u0142o\u015b\u0107 wynosi 14 dni od\u00a0momentu wydania rzeczy, a do zachowania terminu wystarczy wys\u0142anie o\u015bwiadczenia przed jego&hellip;<\/p>\n","protected":false},"author":1,"featured_media":0,"parent":0,"menu_order":0,"comment_status":"closed","ping_status":"closed","template":"","meta":{"footnotes":""},"class_list":["post-139235","page","type-page","status-publish","hentry"],"_links":{"self":[{"href":"https:\/\/www.dorotakaminska.pl\/sklep\/wp-json\/wp\/v2\/pages\/139235","targetHints":{"allow":["GET"]}}],"collection":[{"href":"https:\/\/www.dorotakaminska.pl\/sklep\/wp-json\/wp\/v2\/pages"}],"about":[{"href":"https:\/\/www.dorotakaminska.pl\/sklep\/wp-json\/wp\/v2\/types\/page"}],"author":[{"embeddable":true,"href":"https:\/\/www.dorotakaminska.pl\/sklep\/wp-json\/wp\/v2\/users\/1"}],"replies":[{"embeddable":true,"href":"https:\/\/www.dorotakaminska.pl\/sklep\/wp-json\/wp\/v2\/comments?post=139235"}],"version-history":[{"count":8,"href":"https:\/\/www.dorotakaminska.pl\/sklep\/wp-json\/wp\/v2\/pages\/139235\/revisions"}],"predecessor-version":[{"id":140350,"href":"https:\/\/www.dorotakaminska.pl\/sklep\/wp-json\/wp\/v2\/pages\/139235\/revisions\/140350"}],"wp:attachment":[{"href":"https:\/\/www.dorotakaminska.pl\/sklep\/wp-json\/wp\/v2\/media?parent=139235"}],"curies":[{"name":"wp","href":"https:\/\/api.w.org\/{rel}","templated":true}]}}