{"id":138875,"date":"2017-10-25T21:04:51","date_gmt":"2017-10-25T19:04:51","guid":{"rendered":"https:\/\/dorotakaminska.pl\/sklep\/?page_id=138875"},"modified":"2021-11-16T14:04:08","modified_gmt":"2021-11-16T13:04:08","slug":"dostawa","status":"publish","type":"page","link":"https:\/\/www.dorotakaminska.pl\/sklep\/dostawa\/","title":{"rendered":"Dostawa"},"content":{"rendered":"[vc_row][vc_column][thb_gap height=&#8221;50&#8243;][vc_column_text]\n<p style=\"text-align: justify;\">Us\u0142ug\u0119 dostawy przesy\u0142ek Pocztex (Kurier do 48 godzin) realizuje\u00a0Poczta Polska S.A.<\/p>\n<p style=\"text-align: justify;\">Wysy\u0142ka zam\u00f3wionego towaru\u00a0realizowana\u00a0jest w ci\u0105gu jednego dnia roboczego od z\u0142o\u017cenia zam\u00f3wienia. Czas dostawy wynosi maksymalnie 48 godzin od momentu wysy\u0142ki.<\/p>\n<p style=\"text-align: justify;\">Koszt wysy\u0142ki zawsze prezentowany jest na stronie, przez kt\u00f3r\u0105 sk\u0142adane jest zam\u00f3wienie.<\/p>\n[\/vc_column_text][thb_gap height=&#8221;50&#8243;][\/vc_column][\/vc_row]\n","protected":false},"excerpt":{"rendered":"<p>[vc_row][vc_column][thb_gap height=&#8221;50&#8243;][vc_column_text] Us\u0142ug\u0119 dostawy przesy\u0142ek Pocztex (Kurier do 48 godzin) realizuje\u00a0Poczta Polska S.A. Wysy\u0142ka zam\u00f3wionego towaru\u00a0realizowana\u00a0jest w ci\u0105gu jednego dnia roboczego od z\u0142o\u017cenia zam\u00f3wienia. Czas dostawy wynosi maksymalnie 48 godzin od momentu wysy\u0142ki. Koszt wysy\u0142ki zawsze prezentowany jest na stronie, przez kt\u00f3r\u0105 sk\u0142adane jest zam\u00f3wienie. [\/vc_column_text][thb_gap height=&#8221;50&#8243;][\/vc_column][\/vc_row]<\/p>\n","protected":false},"author":1,"featured_media":0,"parent":0,"menu_order":0,"comment_status":"closed","ping_status":"closed","template":"","meta":{"footnotes":""},"class_list":["post-138875","page","type-page","status-publish","hentry"],"_links":{"self":[{"href":"https:\/\/www.dorotakaminska.pl\/sklep\/wp-json\/wp\/v2\/pages\/138875","targetHints":{"allow":["GET"]}}],"collection":[{"href":"https:\/\/www.dorotakaminska.pl\/sklep\/wp-json\/wp\/v2\/pages"}],"about":[{"href":"https:\/\/www.dorotakaminska.pl\/sklep\/wp-json\/wp\/v2\/types\/page"}],"author":[{"embeddable":true,"href":"https:\/\/www.dorotakaminska.pl\/sklep\/wp-json\/wp\/v2\/users\/1"}],"replies":[{"embeddable":true,"href":"https:\/\/www.dorotakaminska.pl\/sklep\/wp-json\/wp\/v2\/comments?post=138875"}],"version-history":[{"count":6,"href":"https:\/\/www.dorotakaminska.pl\/sklep\/wp-json\/wp\/v2\/pages\/138875\/revisions"}],"predecessor-version":[{"id":140966,"href":"https:\/\/www.dorotakaminska.pl\/sklep\/wp-json\/wp\/v2\/pages\/138875\/revisions\/140966"}],"wp:attachment":[{"href":"https:\/\/www.dorotakaminska.pl\/sklep\/wp-json\/wp\/v2\/media?parent=138875"}],"curies":[{"name":"wp","href":"https:\/\/api.w.org\/{rel}","templated":true}]}}